{"id":666,"date":"2022-05-04T13:06:09","date_gmt":"2022-05-04T13:06:09","guid":{"rendered":"https:\/\/achelcor.ro\/?page_id=666"},"modified":"2022-09-13T11:32:00","modified_gmt":"2022-09-13T11:32:00","slug":"responsabilitate-sociala","status":"publish","type":"page","link":"https:\/\/dev.achelcor.ro\/?page_id=666","title":{"rendered":"RESPONSABILITATE SOCIALA"},"content":{"rendered":"<p>[et_pb_section fb_built=&#8221;1&#8243; _builder_version=&#8221;4.17.3&#8243; _module_preset=&#8221;default&#8221; global_colors_info=&#8221;{}&#8221; custom_padding=&#8221;0px|||||&#8221;][et_pb_row _builder_version=&#8221;4.17.6&#8243; _module_preset=&#8221;default&#8221; width=&#8221;100%&#8221; max_width=&#8221;100%&#8221; hover_enabled=&#8221;0&#8243; sticky_enabled=&#8221;0&#8243; min_height=&#8221;421px&#8221; custom_padding=&#8221;2px|||||&#8221;][et_pb_column _builder_version=&#8221;4.17.6&#8243; _module_preset=&#8221;default&#8221; type=&#8221;4_4&#8243;][et_pb_slider _builder_version=&#8221;4.17.6&#8243; _module_preset=&#8221;default&#8221; hover_enabled=&#8221;0&#8243; sticky_enabled=&#8221;0&#8243; title_text=&#8221;csr-banner&#8221; background_image=&#8221;https:\/\/achelcor.ro\/wp-content\/uploads\/2022\/09\/csr-banner.png&#8221; min_height=&#8221;458px&#8221; custom_padding=&#8221;0px||0px|||&#8221;][et_pb_slide _builder_version=&#8221;4.17.6&#8243; _module_preset=&#8221;default&#8221; hover_enabled=&#8221;0&#8243; sticky_enabled=&#8221;0&#8243;][\/et_pb_slide][\/et_pb_slider][\/et_pb_column][\/et_pb_row][et_pb_row _builder_version=&#8221;4.17.6&#8243; _module_preset=&#8221;default&#8221; max_width=&#8221;80%&#8221; custom_margin=&#8221;|auto||211px||&#8221; hover_enabled=&#8221;0&#8243; global_colors_info=&#8221;{}&#8221; sticky_enabled=&#8221;0&#8243;][et_pb_column type=&#8221;4_4&#8243; _builder_version=&#8221;4.17.3&#8243; _module_preset=&#8221;default&#8221; global_colors_info=&#8221;{}&#8221;][et_pb_text _builder_version=&#8221;4.17.6&#8243; _module_preset=&#8221;default&#8221; text_font=&#8221;Times New Roman||||||||&#8221; text_font_size=&#8221;21px&#8221; hover_enabled=&#8221;0&#8243; global_colors_info=&#8221;{}&#8221; sticky_enabled=&#8221;0&#8243;]<\/p>\n<p>De la infiintarea ei, Fundatia Farmacist Elena Pop, divizia de responsabilitate sociala a Companiei Farmaceutice AC HELCOR, a continuat propagarea celor 5 valori &#8211; sanatate, stiinta, educatie, excelenta, caritate \u2013 concretizate de a lungul timpului in actiuni de:<\/p>\n<p>[\/et_pb_text][\/et_pb_column][\/et_pb_row][\/et_pb_section][et_pb_section fb_built=&#8221;1&#8243; theme_builder_area=&#8221;post_content&#8221; _builder_version=&#8221;4.17.6&#8243; _module_preset=&#8221;default&#8221;][et_pb_row _builder_version=&#8221;4.17.6&#8243; _module_preset=&#8221;default&#8221; theme_builder_area=&#8221;post_content&#8221; column_structure=&#8221;1_2,1_2&#8243;][et_pb_column _builder_version=&#8221;4.17.6&#8243; _module_preset=&#8221;default&#8221; type=&#8221;1_2&#8243; theme_builder_area=&#8221;post_content&#8221;][et_pb_text _builder_version=&#8221;4.17.6&#8243; _module_preset=&#8221;default&#8221; theme_builder_area=&#8221;post_content&#8221; hover_enabled=&#8221;0&#8243; sticky_enabled=&#8221;0&#8243; text_font_size=&#8221;17px&#8221;]<\/p>\n<p><img loading=\"lazy\" src=\"https:\/\/achelcor.ro\/wp-content\/uploads\/2022\/09\/csr1.png\" width=\"125\" height=\"108\" alt=\"\" class=\"wp-image-1962 alignleft size-full\" \/>Sus\u021binere a actualilor \u0219i viitorilor<br \/>profesioni\u0219ti din domeniul<br \/>s\u0103n\u0103t\u0103\u021bii ce dovedesc excelen\u021b\u0103.<\/p>\n<p>[\/et_pb_text][\/et_pb_column][et_pb_column _builder_version=&#8221;4.17.6&#8243; _module_preset=&#8221;default&#8221; type=&#8221;1_2&#8243; theme_builder_area=&#8221;post_content&#8221;][et_pb_text _builder_version=&#8221;4.17.6&#8243; _module_preset=&#8221;default&#8221; theme_builder_area=&#8221;post_content&#8221; hover_enabled=&#8221;0&#8243; sticky_enabled=&#8221;0&#8243; text_font_size=&#8221;17px&#8221;]<\/p>\n<p><img loading=\"lazy\" src=\"https:\/\/achelcor.ro\/wp-content\/uploads\/2022\/09\/csr2.png\" width=\"125\" height=\"108\" alt=\"\" class=\"wp-image-1963 alignleft size-full\" \/>Sus\u0163inere a activitatilor de<br \/>cercetare-dezvoltare<br \/>\u00een domeniul s\u0103n\u0103t\u0103\u0163ii.<\/p>\n<p>[\/et_pb_text][\/et_pb_column][\/et_pb_row][et_pb_row _builder_version=&#8221;4.17.6&#8243; _module_preset=&#8221;default&#8221; theme_builder_area=&#8221;post_content&#8221; column_structure=&#8221;1_2,1_2&#8243;][et_pb_column _builder_version=&#8221;4.17.6&#8243; _module_preset=&#8221;default&#8221; type=&#8221;1_2&#8243; theme_builder_area=&#8221;post_content&#8221;][et_pb_text _builder_version=&#8221;4.17.6&#8243; _module_preset=&#8221;default&#8221; theme_builder_area=&#8221;post_content&#8221; hover_enabled=&#8221;0&#8243; sticky_enabled=&#8221;0&#8243; text_font_size=&#8221;17px&#8221;]<\/p>\n<p><img loading=\"lazy\" src=\"https:\/\/achelcor.ro\/wp-content\/uploads\/2022\/09\/csr3.png\" width=\"125\" height=\"108\" alt=\"\" class=\"wp-image-1964 alignleft size-full\" \/>Sustinere si promovare a<br \/>educatiei in domeniul sanatatii<\/p>\n<p>[\/et_pb_text][\/et_pb_column][et_pb_column _builder_version=&#8221;4.17.6&#8243; _module_preset=&#8221;default&#8221; type=&#8221;1_2&#8243; theme_builder_area=&#8221;post_content&#8221;][et_pb_text _builder_version=&#8221;4.17.6&#8243; _module_preset=&#8221;default&#8221; theme_builder_area=&#8221;post_content&#8221; hover_enabled=&#8221;0&#8243; sticky_enabled=&#8221;0&#8243; text_font_size=&#8221;17px&#8221;]<\/p>\n<p><img loading=\"lazy\" src=\"https:\/\/achelcor.ro\/wp-content\/uploads\/2022\/09\/csr4.png\" width=\"125\" height=\"108\" alt=\"\" class=\"wp-image-1966 alignleft size-full\" \/>Screening \u0219i preven\u021bie<br \/>Sus\u021binerea categoriilor vulnerabile<br \/>Sus\u021binere a performan\u021bei sportive.<\/p>\n<p>[\/et_pb_text][\/et_pb_column][\/et_pb_row][et_pb_row _builder_version=&#8221;4.17.6&#8243; _module_preset=&#8221;default&#8221; theme_builder_area=&#8221;post_content&#8221; column_structure=&#8221;1_2,1_2&#8243; max_width=&#8221;80%&#8221; hover_enabled=&#8221;0&#8243; sticky_enabled=&#8221;0&#8243;][et_pb_column _builder_version=&#8221;4.17.6&#8243; _module_preset=&#8221;default&#8221; type=&#8221;1_2&#8243; theme_builder_area=&#8221;post_content&#8221;][et_pb_image src=&#8221;https:\/\/achelcor.ro\/wp-content\/uploads\/2022\/09\/Fundatia-Helena-sigla.png&#8221; _builder_version=&#8221;4.17.6&#8243; _module_preset=&#8221;default&#8221; theme_builder_area=&#8221;post_content&#8221; title_text=&#8221;Fundatia-Helena-sigla&#8221; hover_enabled=&#8221;0&#8243; sticky_enabled=&#8221;0&#8243; max_height=&#8221;303px&#8221; positioning=&#8221;relative&#8221; horizontal_offset=&#8221;190px&#8221;][\/et_pb_image][\/et_pb_column][et_pb_column _builder_version=&#8221;4.17.6&#8243; _module_preset=&#8221;default&#8221; type=&#8221;1_2&#8243; theme_builder_area=&#8221;post_content&#8221;][et_pb_text _builder_version=&#8221;4.17.6&#8243; _module_preset=&#8221;default&#8221; theme_builder_area=&#8221;post_content&#8221; text_font_size=&#8221;17px&#8221; hover_enabled=&#8221;0&#8243; sticky_enabled=&#8221;0&#8243; positioning=&#8221;relative&#8221; position_origin_r=&#8221;top_right&#8221; width=&#8221;100%&#8221; position_origin_a=&#8221;bottom_left&#8221; position_origin_f=&#8221;bottom_left&#8221; z_index=&#8221;45&#8243; vertical_offset=&#8221;100px&#8221;]<\/p>\n<p>Cu fiecare proiect incheiat, Fundatia Farmacist Elena Pop continua<br \/>misiunea pe care o are ca, prin forte proprii, prin cunoastere, straduinta,<br \/>excelenta profesionala si viziune sa ramana un pilon de referinta<br \/>in productia de medicamente si servicii pentru sanatate in Romania,<br \/>dar si pentru a multumi mereu deschizatorului de drumuri din<br \/>aceasta parte a tarii si in acest domeniu atat de riguros, cea care a<br \/>avut aceasta viziune, doamnei farmacist Elena Pop.<\/p>\n<p>[\/et_pb_text][\/et_pb_column][\/et_pb_row][\/et_pb_section][et_pb_section fb_built=&#8221;1&#8243; theme_builder_area=&#8221;post_content&#8221; _builder_version=&#8221;4.17.6&#8243; _module_preset=&#8221;default&#8221; custom_padding=&#8221;0px||0px|||&#8221;][et_pb_row _builder_version=&#8221;4.17.6&#8243; _module_preset=&#8221;default&#8221; theme_builder_area=&#8221;post_content&#8221; max_width=&#8221;100%&#8221; hover_enabled=&#8221;0&#8243; sticky_enabled=&#8221;0&#8243; width=&#8221;100%&#8221; custom_padding=&#8221;1px||0px|||&#8221;][et_pb_column _builder_version=&#8221;4.17.6&#8243; _module_preset=&#8221;default&#8221; type=&#8221;4_4&#8243; theme_builder_area=&#8221;post_content&#8221;][et_pb_slider _builder_version=&#8221;4.17.6&#8243; _module_preset=&#8221;default&#8221; theme_builder_area=&#8221;post_content&#8221; width=&#8221;100%&#8221; hover_enabled=&#8221;0&#8243; sticky_enabled=&#8221;0&#8243; title_text=&#8221;shutterstock_314895434&#8243; background_image=&#8221;https:\/\/achelcor.ro\/wp-content\/uploads\/2022\/09\/shutterstock_314895434-scaled.jpg&#8221; custom_margin=&#8221;||1px|||&#8221; min_height=&#8221;536.2px&#8221;][et_pb_slide button_text=&#8221;Descopera Muzeul Fundatiei Farmacist Elena Pop&#8221; _builder_version=&#8221;4.17.6&#8243; _module_preset=&#8221;default&#8221; theme_builder_area=&#8221;post_content&#8221; hover_enabled=&#8221;0&#8243; sticky_enabled=&#8221;0&#8243;][\/et_pb_slide][\/et_pb_slider][\/et_pb_column][\/et_pb_row][\/et_pb_section]<\/p>\n","protected":false},"excerpt":{"rendered":"<p>De la infiintarea ei, Fundatia Farmacist Elena Pop, divizia de responsabilitate sociala a Companiei Farmaceutice AC HELCOR, a continuat propagarea celor 5 valori &#8211; sanatate, stiinta, educatie, excelenta, caritate \u2013 concretizate de a lungul timpului in actiuni de:Sus\u021binere a actualilor \u0219i viitorilorprofesioni\u0219ti din domeniuls\u0103n\u0103t\u0103\u021bii ce dovedesc excelen\u021b\u0103.Sus\u0163inere a activitatilor decercetare-dezvoltare\u00een domeniul s\u0103n\u0103t\u0103\u0163ii.Sustinere si promovare aeducatiei [&hellip;]<\/p>\n","protected":false},"author":2,"featured_media":0,"parent":0,"menu_order":0,"comment_status":"closed","ping_status":"closed","template":"","meta":{"_et_pb_use_builder":"on","_et_pb_old_content":"","_et_gb_content_width":""},"_links":{"self":[{"href":"https:\/\/dev.achelcor.ro\/index.php?rest_route=\/wp\/v2\/pages\/666"}],"collection":[{"href":"https:\/\/dev.achelcor.ro\/index.php?rest_route=\/wp\/v2\/pages"}],"about":[{"href":"https:\/\/dev.achelcor.ro\/index.php?rest_route=\/wp\/v2\/types\/page"}],"author":[{"embeddable":true,"href":"https:\/\/dev.achelcor.ro\/index.php?rest_route=\/wp\/v2\/users\/2"}],"replies":[{"embeddable":true,"href":"https:\/\/dev.achelcor.ro\/index.php?rest_route=%2Fwp%2Fv2%2Fcomments&post=666"}],"version-history":[{"count":10,"href":"https:\/\/dev.achelcor.ro\/index.php?rest_route=\/wp\/v2\/pages\/666\/revisions"}],"predecessor-version":[{"id":1983,"href":"https:\/\/dev.achelcor.ro\/index.php?rest_route=\/wp\/v2\/pages\/666\/revisions\/1983"}],"wp:attachment":[{"href":"https:\/\/dev.achelcor.ro\/index.php?rest_route=%2Fwp%2Fv2%2Fmedia&parent=666"}],"curies":[{"name":"wp","href":"https:\/\/api.w.org\/{rel}","templated":true}]}}