{"id":21,"date":"2022-04-05T08:19:40","date_gmt":"2022-04-05T08:19:40","guid":{"rendered":"https:\/\/achelcor.ro\/?page_id=21"},"modified":"2022-06-30T11:35:44","modified_gmt":"2022-06-30T11:35:44","slug":"contact","status":"publish","type":"page","link":"https:\/\/dev.achelcor.ro\/?page_id=21","title":{"rendered":"Contact"},"content":{"rendered":"<p>[et_pb_section fb_built=&#8221;1&#8243; _builder_version=&#8221;4.16&#8243; global_colors_info=&#8221;{}&#8221;][et_pb_row _builder_version=&#8221;4.17.3&#8243; _module_preset=&#8221;default&#8221;][et_pb_column _builder_version=&#8221;4.17.3&#8243; _module_preset=&#8221;default&#8221; type=&#8221;4_4&#8243;][et_pb_text _builder_version=&#8221;4.17.3&#8243; _module_preset=&#8221;default&#8221; hover_enabled=&#8221;0&#8243; sticky_enabled=&#8221;0&#8243;]<\/p>\n<h1 style=\"text-align: center;\">Contact<\/h1>\n<p>[\/et_pb_text][\/et_pb_column][\/et_pb_row][et_pb_row _builder_version=&#8221;4.17.3&#8243; _module_preset=&#8221;default&#8221;][et_pb_column _builder_version=&#8221;4.17.3&#8243; _module_preset=&#8221;default&#8221; type=&#8221;4_4&#8243;][et_pb_divider _builder_version=&#8221;4.17.3&#8243; _module_preset=&#8221;default&#8221; hover_enabled=&#8221;0&#8243; sticky_enabled=&#8221;0&#8243;][\/et_pb_divider][\/et_pb_column][\/et_pb_row][et_pb_row column_structure=&#8221;1_2,1_2&#8243; _builder_version=&#8221;4.17.3&#8243; _module_preset=&#8221;default&#8221; hover_enabled=&#8221;0&#8243; global_colors_info=&#8221;{}&#8221; custom_padding=&#8221;0px|||||&#8221; sticky_enabled=&#8221;0&#8243;][et_pb_column type=&#8221;1_2&#8243; _builder_version=&#8221;4.17.3&#8243; _module_preset=&#8221;default&#8221; global_colors_info=&#8221;{}&#8221;][et_pb_text _builder_version=&#8221;4.17.3&#8243; _module_preset=&#8221;default&#8221; header_font=&#8221;Times New Roman||||||||&#8221; hover_enabled=&#8221;0&#8243; global_colors_info=&#8221;{}&#8221; sticky_enabled=&#8221;0&#8243;]<\/p>\n<h2><span style=\"text-decoration: underline;\">Baia Mare<\/span><\/h2>\n<p><strong><\/strong><\/p>\n<p><strong>Adresa:<\/strong><span>\u00a0<\/span>str. Dr. Victor Babes nr. 50, Baia Mare, Maramures, Romania<\/p>\n<p><strong>Tel:<\/strong><span>\u00a0<\/span>0040 \u2013 362 \u2013 401 206<\/p>\n<p><strong>Fax:<\/strong><span>\u00a0<\/span>0040 \u2013 362 \u2013 401 207<\/p>\n<p><strong>E-mail:<\/strong><span>\u00a0<\/span>office@achelcor.ro<\/p>\n<p>[\/et_pb_text][\/et_pb_column][et_pb_column type=&#8221;1_2&#8243; _builder_version=&#8221;4.17.3&#8243; _module_preset=&#8221;default&#8221; global_colors_info=&#8221;{}&#8221;][et_pb_text _builder_version=&#8221;4.17.3&#8243; _module_preset=&#8221;default&#8221; hover_enabled=&#8221;0&#8243; sticky_enabled=&#8221;0&#8243; custom_padding=&#8221;||1px|||&#8221;]<\/p>\n<h2><span style=\"text-decoration: underline;\">Iasi<\/span><\/h2>\n<p><strong><\/strong><\/p>\n<p><strong>Adresa:<\/strong><span>\u00a0<\/span>Sos. Pacurari nr.70, Iasi, Iasi, Romania<\/p>\n<p><strong>Tel:<\/strong><span>\u00a0<\/span>0040 \u2013 332 \u2013 800 854<\/p>\n<p><strong>Fax:<\/strong><span>\u00a0<\/span>0040 \u2013 332 \u2013 800 854<\/p>\n<p><strong>E-mail:<\/strong><span>\u00a0<\/span>agentia.iasi@achelcor.ro<\/p>\n<p>[\/et_pb_text][\/et_pb_column][\/et_pb_row][et_pb_row _builder_version=&#8221;4.17.3&#8243; _module_preset=&#8221;default&#8221; column_structure=&#8221;1_2,1_2&#8243;][et_pb_column _builder_version=&#8221;4.17.3&#8243; _module_preset=&#8221;default&#8221; type=&#8221;1_2&#8243;][et_pb_text _builder_version=&#8221;4.17.3&#8243; _module_preset=&#8221;default&#8221; hover_enabled=&#8221;0&#8243; sticky_enabled=&#8221;0&#8243;]<\/p>\n<h2><span style=\"text-decoration: underline;\">Sibiu<\/span><\/h2>\n<p><span style=\"text-decoration: underline;\"><\/span><\/p>\n<p><strong>Adresa:<\/strong><span>\u00a0<\/span>str. Turnisorului, Sibiu, Sibiu, Romania<\/p>\n<p><strong>Tel:<\/strong><span>\u00a0<\/span>0040 \u2013 269 \u2013 211 635<\/p>\n<p><strong>Fax:<\/strong><span>\u00a0<\/span>0040 \u2013 269 \u2013 211 635<\/p>\n<p><strong>E-mail:<\/strong><span>\u00a0<\/span>agentia.sibiu@achelcor.ro<\/p>\n<p>[\/et_pb_text][\/et_pb_column][et_pb_column _builder_version=&#8221;4.17.3&#8243; _module_preset=&#8221;default&#8221; type=&#8221;1_2&#8243;][et_pb_text _builder_version=&#8221;4.17.3&#8243; _module_preset=&#8221;default&#8221; hover_enabled=&#8221;0&#8243; sticky_enabled=&#8221;0&#8243;]<\/p>\n<h2><span style=\"text-decoration: underline;\">Bucuresti<\/span><\/h2>\n<p><strong>Adresa:<\/strong><span>\u00a0<\/span>Sos. Unirii 63B, Petresti, Ilfov, Romania<\/p>\n<p><strong>Tel:<\/strong><span>\u00a0<\/span>0040 \u2013 741 \u2013 089 300<\/p>\n<p><strong>Fax:<\/strong><span> &#8211;&#8211;&#8211;&#8211;&#8211;&#8211;&#8211;&#8211;&#8211;<\/span><\/p>\n<p><strong>E-mail:<\/strong><span>\u00a0<\/span>agentia.bucuresti@achelcor.ro<\/p>\n<p>[\/et_pb_text][\/et_pb_column][\/et_pb_row][et_pb_row _builder_version=&#8221;4.17.3&#8243; _module_preset=&#8221;default&#8221;][et_pb_column _builder_version=&#8221;4.17.3&#8243; _module_preset=&#8221;default&#8221; type=&#8221;4_4&#8243;][et_pb_divider _builder_version=&#8221;4.17.3&#8243; _module_preset=&#8221;default&#8221; hover_enabled=&#8221;0&#8243; sticky_enabled=&#8221;0&#8243;][\/et_pb_divider][\/et_pb_column][\/et_pb_row][et_pb_row _builder_version=&#8221;4.16&#8243; background_size=&#8221;initial&#8221; background_position=&#8221;top_left&#8221; background_repeat=&#8221;repeat&#8221; global_colors_info=&#8221;{}&#8221;][et_pb_column type=&#8221;4_4&#8243; _builder_version=&#8221;4.16&#8243; custom_padding=&#8221;|||&#8221; global_colors_info=&#8221;{}&#8221; custom_padding__hover=&#8221;|||&#8221;][et_pb_text _builder_version=&#8221;4.17.3&#8243; text_font=&#8221;Times New Roman||||||||&#8221; text_font_size=&#8221;20px&#8221; background_size=&#8221;initial&#8221; background_position=&#8221;top_left&#8221; background_repeat=&#8221;repeat&#8221; global_colors_info=&#8221;{}&#8221;]<\/p>\n<p><!-- divi:paragraph --><\/p>\n<p><span>Dac\u0103 dumneavoastr\u0103, sau unul dintre pacien\u021bii dumneavoastr\u0103, experimenta\u021bi un efect advers la unul din medicamentele noastre sau ave\u021bi o \u00eentrebare cu caracter medical \u00een legatur\u0103 cu produsele noastre, v\u0103 rug\u0103m s\u0103 contacta\u021bi departamentul de Farmacovigilenta.<\/span><\/p>\n<p><span><strong>Email:<\/strong>\u00a0\u00a0<span class=\"TextRun Underlined SCX195296915\" lang=\"RO-RO\" xml:lang=\"RO-RO\"><span class=\"NormalTextRun SCX195296915\"><a class=\"Hyperlink SCX195296915\" href=\"mailto:farmacovigilenta@achelcor.ro\">farmacovigilenta@achelcor.ro<\/a> sau completand formularul de mai jos.<\/span><\/span><\/span><\/p>\n<p><!-- \/divi:paragraph --><\/p>\n<p>[\/et_pb_text][et_pb_contact_form title=&#8221;Formular de contact&#8221; success_message=&#8221;Multumim pentru mesaj! Un reprezentant AC HELCOR va va contacta in cel mai scurt timp posibil. &#8221; submit_button_text=&#8221;Trimite&#8221; _builder_version=&#8221;4.17.3&#8243; _module_preset=&#8221;default&#8221; _unique_id=&#8221;460545f0-d04f-4190-95f8-9c2f48b16bf9&#8243; global_colors_info=&#8221;{}&#8221;][et_pb_contact_field field_id=&#8221;Name&#8221; field_title=&#8221;Nume&#8221; _builder_version=&#8221;4.16&#8243; global_colors_info=&#8221;{}&#8221; button_text_size__hover_enabled=&#8221;off&#8221; button_one_text_size__hover_enabled=&#8221;off&#8221; button_two_text_size__hover_enabled=&#8221;off&#8221; button_text_color__hover_enabled=&#8221;off&#8221; button_one_text_color__hover_enabled=&#8221;off&#8221; button_two_text_color__hover_enabled=&#8221;off&#8221; button_border_width__hover_enabled=&#8221;off&#8221; button_one_border_width__hover_enabled=&#8221;off&#8221; button_two_border_width__hover_enabled=&#8221;off&#8221; button_border_color__hover_enabled=&#8221;off&#8221; button_one_border_color__hover_enabled=&#8221;off&#8221; button_two_border_color__hover_enabled=&#8221;off&#8221; button_border_radius__hover_enabled=&#8221;off&#8221; button_one_border_radius__hover_enabled=&#8221;off&#8221; button_two_border_radius__hover_enabled=&#8221;off&#8221; button_letter_spacing__hover_enabled=&#8221;off&#8221; button_one_letter_spacing__hover_enabled=&#8221;off&#8221; button_two_letter_spacing__hover_enabled=&#8221;off&#8221; button_bg_color__hover_enabled=&#8221;off&#8221; button_one_bg_color__hover_enabled=&#8221;off&#8221; button_two_bg_color__hover_enabled=&#8221;off&#8221;][\/et_pb_contact_field][et_pb_contact_field field_id=&#8221;Email&#8221; field_title=&#8221;Adres\u0103 Email&#8221; field_type=&#8221;email&#8221; _builder_version=&#8221;4.16&#8243; global_colors_info=&#8221;{}&#8221; button_text_size__hover_enabled=&#8221;off&#8221; button_one_text_size__hover_enabled=&#8221;off&#8221; button_two_text_size__hover_enabled=&#8221;off&#8221; button_text_color__hover_enabled=&#8221;off&#8221; button_one_text_color__hover_enabled=&#8221;off&#8221; button_two_text_color__hover_enabled=&#8221;off&#8221; button_border_width__hover_enabled=&#8221;off&#8221; button_one_border_width__hover_enabled=&#8221;off&#8221; button_two_border_width__hover_enabled=&#8221;off&#8221; button_border_color__hover_enabled=&#8221;off&#8221; button_one_border_color__hover_enabled=&#8221;off&#8221; button_two_border_color__hover_enabled=&#8221;off&#8221; button_border_radius__hover_enabled=&#8221;off&#8221; button_one_border_radius__hover_enabled=&#8221;off&#8221; button_two_border_radius__hover_enabled=&#8221;off&#8221; button_letter_spacing__hover_enabled=&#8221;off&#8221; button_one_letter_spacing__hover_enabled=&#8221;off&#8221; button_two_letter_spacing__hover_enabled=&#8221;off&#8221; button_bg_color__hover_enabled=&#8221;off&#8221; button_one_bg_color__hover_enabled=&#8221;off&#8221; button_two_bg_color__hover_enabled=&#8221;off&#8221;][\/et_pb_contact_field][et_pb_contact_field field_id=&#8221;Message&#8221; field_title=&#8221;Mesaj&#8221; field_type=&#8221;text&#8221; fullwidth_field=&#8221;on&#8221; _builder_version=&#8221;4.16&#8243; global_colors_info=&#8221;{}&#8221; button_text_size__hover_enabled=&#8221;off&#8221; button_one_text_size__hover_enabled=&#8221;off&#8221; button_two_text_size__hover_enabled=&#8221;off&#8221; button_text_color__hover_enabled=&#8221;off&#8221; button_one_text_color__hover_enabled=&#8221;off&#8221; button_two_text_color__hover_enabled=&#8221;off&#8221; button_border_width__hover_enabled=&#8221;off&#8221; button_one_border_width__hover_enabled=&#8221;off&#8221; button_two_border_width__hover_enabled=&#8221;off&#8221; button_border_color__hover_enabled=&#8221;off&#8221; button_one_border_color__hover_enabled=&#8221;off&#8221; button_two_border_color__hover_enabled=&#8221;off&#8221; button_border_radius__hover_enabled=&#8221;off&#8221; button_one_border_radius__hover_enabled=&#8221;off&#8221; button_two_border_radius__hover_enabled=&#8221;off&#8221; button_letter_spacing__hover_enabled=&#8221;off&#8221; button_one_letter_spacing__hover_enabled=&#8221;off&#8221; button_two_letter_spacing__hover_enabled=&#8221;off&#8221; button_bg_color__hover_enabled=&#8221;off&#8221; button_one_bg_color__hover_enabled=&#8221;off&#8221; button_two_bg_color__hover_enabled=&#8221;off&#8221;][\/et_pb_contact_field][\/et_pb_contact_form][\/et_pb_column][\/et_pb_row][\/et_pb_section]<\/p>\n","protected":false},"excerpt":{"rendered":"<p>ContactBaia Mare Adresa:\u00a0str. Dr. Victor Babes nr. 50, Baia Mare, Maramures, Romania Tel:\u00a00040 \u2013 362 \u2013 401 206 Fax:\u00a00040 \u2013 362 \u2013 401 207 E-mail:\u00a0office@achelcor.roIasi Adresa:\u00a0Sos. Pacurari nr.70, Iasi, Iasi, Romania Tel:\u00a00040 \u2013 332 \u2013 800 854 Fax:\u00a00040 \u2013 332 \u2013 800 854 E-mail:\u00a0agentia.iasi@achelcor.roSibiu Adresa:\u00a0str. Turnisorului, Sibiu, Sibiu, Romania Tel:\u00a00040 \u2013 269 \u2013 211 635 [&hellip;]<\/p>\n","protected":false},"author":2,"featured_media":0,"parent":0,"menu_order":0,"comment_status":"closed","ping_status":"closed","template":"","meta":{"_et_pb_use_builder":"on","_et_pb_old_content":"<!-- wp:paragraph -->\n<p>Aceasta e o pagin\u0103 cu c\u00e2teva simple informa\u021bii de contact, cum ar fi adresa sau num\u0103rul de telefon. Ai putea s\u0103 \u00eencerci \u0219i un modul ca s\u0103 adaugi un formular de contact.<\/p>\n<!-- \/wp:paragraph -->\n\n<!-- wp:paragraph -->\n<p><\/p>\n<!-- \/wp:paragraph -->","_et_gb_content_width":""},"_links":{"self":[{"href":"https:\/\/dev.achelcor.ro\/index.php?rest_route=\/wp\/v2\/pages\/21"}],"collection":[{"href":"https:\/\/dev.achelcor.ro\/index.php?rest_route=\/wp\/v2\/pages"}],"about":[{"href":"https:\/\/dev.achelcor.ro\/index.php?rest_route=\/wp\/v2\/types\/page"}],"author":[{"embeddable":true,"href":"https:\/\/dev.achelcor.ro\/index.php?rest_route=\/wp\/v2\/users\/2"}],"replies":[{"embeddable":true,"href":"https:\/\/dev.achelcor.ro\/index.php?rest_route=%2Fwp%2Fv2%2Fcomments&post=21"}],"version-history":[{"count":5,"href":"https:\/\/dev.achelcor.ro\/index.php?rest_route=\/wp\/v2\/pages\/21\/revisions"}],"predecessor-version":[{"id":1197,"href":"https:\/\/dev.achelcor.ro\/index.php?rest_route=\/wp\/v2\/pages\/21\/revisions\/1197"}],"wp:attachment":[{"href":"https:\/\/dev.achelcor.ro\/index.php?rest_route=%2Fwp%2Fv2%2Fmedia&parent=21"}],"curies":[{"name":"wp","href":"https:\/\/api.w.org\/{rel}","templated":true}]}}